{"id":1453,"date":"2024-04-12T23:05:06","date_gmt":"2024-04-12T21:05:06","guid":{"rendered":"https:\/\/thelogistk.com\/?page_id=1453"},"modified":"2025-08-11T15:47:56","modified_gmt":"2025-08-11T13:47:56","slug":"1453-2","status":"publish","type":"page","link":"https:\/\/thelogistk.com\/?page_id=1453","title":{"rendered":"Multimedia\/Doc"},"content":{"rendered":"<style>.kb-row-layout-id1453_db3daa-2e > .kt-row-column-wrap{align-content:start;}:where(.kb-row-layout-id1453_db3daa-2e > .kt-row-column-wrap) > .wp-block-kadence-column{justify-content:start;}.kb-row-layout-id1453_db3daa-2e > .kt-row-column-wrap{column-gap:80px;row-gap:var(--global-kb-gap-md, 2rem);max-width:var( --global-content-width, 1290px );padding-left:var(--global-content-edge-padding);padding-right:var(--global-content-edge-padding);padding-top:var(--global-kb-spacing-xxl, 5rem);padding-bottom:var(--global-kb-spacing-xxl, 5rem);grid-template-columns:minmax(0, calc(22.5% - ((80px * 1 )\/2)))minmax(0, calc(77.5% - ((80px * 1 )\/2)));}.kb-row-layout-id1453_db3daa-2e > .kt-row-layout-overlay{opacity:1;background-image:url('https:\/\/xoeyed-bear-defo.instawp.xyz\/wp-content\/uploads\/2021\/10\/lines.jpeg');background-size:cover;background-position:center center;background-attachment:scroll;background-repeat:no-repeat;mix-blend-mode:multiply;}@media all and (max-width: 1024px){.kb-row-layout-id1453_db3daa-2e > .kt-row-column-wrap{column-gap:var(--global-kb-gap-sm, 1rem);grid-template-columns:repeat(2, minmax(0, 1fr));}}@media all and (max-width: 767px){.kb-row-layout-id1453_db3daa-2e > .kt-row-column-wrap{grid-template-columns:minmax(0, 1fr);}}<\/style><div class=\"kb-row-layout-wrap kb-row-layout-id1453_db3daa-2e alignfull has-theme-palette9-background-color kt-row-has-bg wp-block-kadence-rowlayout\"><div class=\"kt-row-layout-overlay kt-row-overlay-normal\"><\/div><div class=\"kt-row-column-wrap kt-has-2-columns kt-row-layout-right-golden kt-tab-layout-equal kt-mobile-layout-row kt-row-valign-top kt-inner-column-height-full kb-theme-content-width\">\n<style>.kadence-column1453_8c9635-53 > .kt-inside-inner-col,.kadence-column1453_8c9635-53 > .kt-inside-inner-col:before{border-top-left-radius:0px;border-top-right-radius:0px;border-bottom-right-radius:0px;border-bottom-left-radius:0px;}.kadence-column1453_8c9635-53 > .kt-inside-inner-col{column-gap:var(--global-kb-gap-sm, 1rem);}.kadence-column1453_8c9635-53 > .kt-inside-inner-col{flex-direction:column;}.kadence-column1453_8c9635-53 > .kt-inside-inner-col > .aligncenter{width:100%;}.kadence-column1453_8c9635-53 > .kt-inside-inner-col:before{opacity:0.3;}.kadence-column1453_8c9635-53{position:relative;}@media all and (max-width: 1024px){.kadence-column1453_8c9635-53 > .kt-inside-inner-col{flex-direction:column;justify-content:center;}}@media all and (max-width: 767px){.kadence-column1453_8c9635-53 > .kt-inside-inner-col{flex-direction:column;justify-content:center;}}<\/style>\n<div class=\"wp-block-kadence-column kadence-column1453_8c9635-53 inner-column-1\"><div class=\"kt-inside-inner-col\"><style>.kb-image1453_2a5641-1d.kb-image-is-ratio-size, .kb-image1453_2a5641-1d .kb-image-is-ratio-size{max-width:301px;width:100%;}.wp-block-kadence-column > .kt-inside-inner-col > .kb-image1453_2a5641-1d.kb-image-is-ratio-size, .wp-block-kadence-column > .kt-inside-inner-col > .kb-image1453_2a5641-1d .kb-image-is-ratio-size{align-self:unset;}.kb-image1453_2a5641-1d{max-width:301px;}.image-is-svg.kb-image1453_2a5641-1d{-webkit-flex:0 1 100%;flex:0 1 100%;}.image-is-svg.kb-image1453_2a5641-1d img{width:100%;}.kb-image1453_2a5641-1d .kb-image-has-overlay:after{opacity:0.3;}<\/style>\n<figure class=\"wp-block-kadence-image kb-image1453_2a5641-1d size-full\"><img loading=\"lazy\" decoding=\"async\" width=\"920\" height=\"600\" src=\"https:\/\/thelogistk.com\/wp-content\/uploads\/2024\/04\/LOGOS-PATROCINADORES.png\" alt=\"\" class=\"kb-img wp-image-1475\" srcset=\"https:\/\/thelogistk.com\/wp-content\/uploads\/2024\/04\/LOGOS-PATROCINADORES.png 920w, https:\/\/thelogistk.com\/wp-content\/uploads\/2024\/04\/LOGOS-PATROCINADORES-300x196.png 300w, https:\/\/thelogistk.com\/wp-content\/uploads\/2024\/04\/LOGOS-PATROCINADORES-768x501.png 768w, https:\/\/thelogistk.com\/wp-content\/uploads\/2024\/04\/LOGOS-PATROCINADORES-600x391.png 600w\" sizes=\"auto, (max-width: 920px) 100vw, 920px\" \/><\/figure>\n<\/div><\/div>\n\n\n<style>.kadence-column1453_47ed41-4c > .kt-inside-inner-col,.kadence-column1453_47ed41-4c > .kt-inside-inner-col:before{border-top-left-radius:0px;border-top-right-radius:0px;border-bottom-right-radius:0px;border-bottom-left-radius:0px;}.kadence-column1453_47ed41-4c > .kt-inside-inner-col{column-gap:var(--global-kb-gap-sm, 1rem);}.kadence-column1453_47ed41-4c > .kt-inside-inner-col{flex-direction:column;}.kadence-column1453_47ed41-4c > .kt-inside-inner-col > .aligncenter{width:100%;}.kadence-column1453_47ed41-4c > .kt-inside-inner-col:before{opacity:0.3;}.kadence-column1453_47ed41-4c{position:relative;}@media all and (max-width: 1024px){.kadence-column1453_47ed41-4c > .kt-inside-inner-col{flex-direction:column;justify-content:center;}}@media all and (max-width: 767px){.kadence-column1453_47ed41-4c > .kt-inside-inner-col{flex-direction:column;justify-content:center;}}<\/style>\n<div class=\"wp-block-kadence-column kadence-column1453_47ed41-4c inner-column-2\"><div class=\"kt-inside-inner-col\"><style>.wp-block-kadence-advancedheading.kt-adv-heading1453_a03255-8c, .wp-block-kadence-advancedheading.kt-adv-heading1453_a03255-8c[data-kb-block=\"kb-adv-heading1453_a03255-8c\"]{font-size:var(--global-kb-font-size-sm, 0.9rem);font-style:normal;text-transform:uppercase;}.wp-block-kadence-advancedheading.kt-adv-heading1453_a03255-8c mark.kt-highlight, .wp-block-kadence-advancedheading.kt-adv-heading1453_a03255-8c[data-kb-block=\"kb-adv-heading1453_a03255-8c\"] mark.kt-highlight{font-style:normal;color:#f76a0c;-webkit-box-decoration-break:clone;box-decoration-break:clone;padding-top:0px;padding-right:0px;padding-bottom:0px;padding-left:0px;}.wp-block-kadence-advancedheading.kt-adv-heading1453_a03255-8c img.kb-inline-image, .wp-block-kadence-advancedheading.kt-adv-heading1453_a03255-8c[data-kb-block=\"kb-adv-heading1453_a03255-8c\"] img.kb-inline-image{width:150px;vertical-align:baseline;}<\/style>\n<h6 class=\"kt-adv-heading1453_a03255-8c wp-block-kadence-advancedheading has-theme-palette-6-color has-text-color\" data-kb-block=\"kb-adv-heading1453_a03255-8c\">Pago seguro en l\u00ednea<\/h6>\n\n\n<style>.wp-block-kadence-advancedheading.kt-adv-heading1453_abb474-7c, .wp-block-kadence-advancedheading.kt-adv-heading1453_abb474-7c[data-kb-block=\"kb-adv-heading1453_abb474-7c\"]{padding-top:var(--global-kb-spacing-xs, 1rem);padding-bottom:var(--global-kb-spacing-xs, 1rem);font-size:var(--global-kb-font-size-lg, 2rem);line-height:1.2;font-style:normal;}.wp-block-kadence-advancedheading.kt-adv-heading1453_abb474-7c mark.kt-highlight, .wp-block-kadence-advancedheading.kt-adv-heading1453_abb474-7c[data-kb-block=\"kb-adv-heading1453_abb474-7c\"] mark.kt-highlight{font-style:normal;color:#f76a0c;-webkit-box-decoration-break:clone;box-decoration-break:clone;padding-top:0px;padding-right:0px;padding-bottom:0px;padding-left:0px;}.wp-block-kadence-advancedheading.kt-adv-heading1453_abb474-7c img.kb-inline-image, .wp-block-kadence-advancedheading.kt-adv-heading1453_abb474-7c[data-kb-block=\"kb-adv-heading1453_abb474-7c\"] img.kb-inline-image{width:150px;vertical-align:baseline;}@media all and (max-width: 767px){.wp-block-kadence-advancedheading.kt-adv-heading1453_abb474-7c, .wp-block-kadence-advancedheading.kt-adv-heading1453_abb474-7c[data-kb-block=\"kb-adv-heading1453_abb474-7c\"]{font-size:24px;}}<\/style>\n<h2 class=\"kt-adv-heading1453_abb474-7c wp-block-kadence-advancedheading has-theme-palette-3-color has-text-color\" data-kb-block=\"kb-adv-heading1453_abb474-7c\">Pagar en l\u00ednea es f\u00e1cil, r\u00e1pido y seguro. Simplemente, sigue el enlace adjunto o accede a nuestro tutorial de pago en l\u00ednea.<\/h2>\n\n\n<style>.wp-block-kadence-advancedheading.kt-adv-heading1453_27ef3d-55, .wp-block-kadence-advancedheading.kt-adv-heading1453_27ef3d-55[data-kb-block=\"kb-adv-heading1453_27ef3d-55\"]{font-style:normal;}.wp-block-kadence-advancedheading.kt-adv-heading1453_27ef3d-55 mark.kt-highlight, .wp-block-kadence-advancedheading.kt-adv-heading1453_27ef3d-55[data-kb-block=\"kb-adv-heading1453_27ef3d-55\"] mark.kt-highlight{font-style:normal;color:#f76a0c;-webkit-box-decoration-break:clone;box-decoration-break:clone;padding-top:0px;padding-right:0px;padding-bottom:0px;padding-left:0px;}.wp-block-kadence-advancedheading.kt-adv-heading1453_27ef3d-55 img.kb-inline-image, .wp-block-kadence-advancedheading.kt-adv-heading1453_27ef3d-55[data-kb-block=\"kb-adv-heading1453_27ef3d-55\"] img.kb-inline-image{width:150px;vertical-align:baseline;}<\/style>\n<p class=\"kt-adv-heading1453_27ef3d-55 wp-block-kadence-advancedheading has-theme-palette-3-color has-text-color\" data-kb-block=\"kb-adv-heading1453_27ef3d-55\">Si tienes alguna pregunta o necesitas ayuda con el proceso, no dudes en ponerte en contacto con nuestro equipo de atenci\u00f3n al cliente. Estamos aqu\u00ed para ayudarte en todo lo que necesites.<\/p>\n\n\n<style>.wp-block-kadence-advancedbtn.kb-btns1453_1e41fb-c2{gap:var(--global-kb-gap-xs, 0.5rem );justify-content:flex-start;align-items:center;}.kt-btns1453_1e41fb-c2 .kt-button{font-weight:normal;font-style:normal;}<\/style>\n<div class=\"wp-block-kadence-advancedbtn kb-buttons-wrap kb-btns1453_1e41fb-c2\"><style>ul.menu .wp-block-kadence-advancedbtn .kb-btn1453_fde988-fc.kb-button{width:initial;}<\/style><a class=\"kb-button kt-button button kb-btn1453_fde988-fc kt-btn-size-standard kt-btn-width-type-auto kb-btn-global-inherit  kt-btn-has-text-true kt-btn-has-svg-false  wp-block-button__link wp-block-kadence-singlebtn\" href=\"https:\/\/www.mipagoamigo.com\/MPA_WebSite\/ServicePayments\" target=\"_blank\" rel=\"noreferrer noopener\"><span class=\"kt-btn-inner-text\">Clic para pagar<\/span><\/a>\n\n<style>ul.menu .wp-block-kadence-advancedbtn .kb-btn1453_366c06-4c.kb-button{width:initial;}<\/style><a class=\"kb-button kt-button button kb-btn1453_366c06-4c kt-btn-size-standard kt-btn-width-type-auto kb-btn-global-inherit  kt-btn-has-text-true kt-btn-has-svg-false  wp-block-button__link wp-block-kadence-singlebtn\" href=\"https:\/\/drive.google.com\/file\/d\/1VPmKy6FCp-RUYJXWzyvLtKn8aqVuOMQN\/view?usp=sharing\"><span class=\"kt-btn-inner-text\">\u00bfComo pagar?<\/span><\/a><\/div>\n<\/div><\/div>\n\n<\/div><\/div>\n\n\n<div class=\"wp-block-group alignfull\"><div class=\"wp-block-group__inner-container is-layout-constrained wp-block-group-is-layout-constrained\">\n<style>\n  :root {\n    --primary: #0073aa;\n    --primary-dark: #005f8d;\n    --bg: #f5f7fa;\n    --card-bg: #ffffff;\n    --text: #333333;\n  }\n\n  \/* Contenedor general centrado *\/\n  .mi-bloque-centrado {\n    max-width: 720px;     \/* ancho m\u00e1ximo *\/\n    margin: 2rem auto;    \/* centra el bloque y espacio vertical *\/\n    padding: 0 1rem;      \/* peque\u00f1o padding lateral *\/\n    text-align: center;   \/* centra t\u00edtulos y botones *\/\n    font-family: sans-serif;\n  }\n\n  \/* Lista numerada estilo \u201ccard\u201d *\/\n  .parent-list {\n    background: var(--bg);\n    padding: 2rem;\n    border-radius: 12px;\n    box-shadow: 0 4px 16px rgba(0,0,0,0.08);\n    counter-reset: section;\n    margin: 0;\n  }\n  .parent-list li {\n    list-style: none;\n    margin-bottom: 2rem;\n    position: relative;\n    padding-left: 3rem;\n    text-align: left;    \/* t\u00edtulos y v\u00eddeos alineados a la izquierda *\/\n  }\n  .parent-list li::before {\n    counter-increment: section;\n    content: counter(section);\n    position: absolute;\n    left: 0;\n    top: 0;\n    background: var(--primary);\n    color: #fff;\n    width: 2rem;\n    height: 2rem;\n    line-height: 2rem;\n    text-align: center;\n    border-radius: 50%;\n    font-weight: bold;\n  }\n  .parent-list h3 {\n    color: var(--primary);\n    margin-bottom: 0.5rem;\n    font-size: 1.25rem;\n  }\n\n  \/* V\u00eddeo centrado y responsive *\/\n  .video-container {\n    position: relative;\n    width: 100%;\n    max-width: 560px;       \/* ancho m\u00e1ximo del iframe *\/\n    margin: 0 auto 1rem;    \/* centra y margen inferior *\/\n    padding-bottom: 56.25%; \/* 16:9 *\/\n    height: 0;\n    overflow: hidden;\n    border-radius: 8px;\n    box-shadow: 0 4px 16px rgba(0,0,0,0.08);\n  }\n  .video-container iframe {\n    position: absolute;\n    width: 100%;\n    height: 100%;\n    top: 0; left: 0;\n  }\n\n  \/* Bot\u00f3n de descarga centrado *\/\n  .install-button {\n    display: inline-block;\n    margin-top: 1rem;\n    padding: 0.75rem 2rem;\n    background: var(--primary);\n    color: #fff;\n    text-decoration: none;\n    border-radius: 8px;\n    font-weight: 600;\n    box-shadow: 0 2px 8px rgba(0,0,0,0.08);\n    transition: background 0.3s, transform 0.2s;\n  }\n  .install-button:hover {\n    background: var(--primary-dark);\n    transform: translateY(-3px);\n  }\n<\/style>\n\n<div class=\"mi-bloque-centrado\">\n  <ol class=\"parent-list\">\n    <li>\n      <h3>C\u00f3mo instalar la app<\/h3>\n      <div class=\"video-container\">\n        <iframe\n          src=\"https:\/\/www.youtube-nocookie.com\/embed\/qy9ieldj8EE\"\n          frameborder=\"0\"\n          allow=\"accelerometer; autoplay; clipboard-write; encrypted-media; gyroscope; picture-in-picture\"\n          allowfullscreen\n        ><\/iframe>\n      <\/div>\n    <\/li>\n    <li>\n      <h3>C\u00f3mo hacer seguimiento GPS<\/h3>\n      <div class=\"video-container\">\n        <iframe\n          src=\"https:\/\/www.youtube-nocookie.com\/embed\/sDGD05WOBWQ\"\n          frameborder=\"0\"\n          allow=\"accelerometer; autoplay; clipboard-write; encrypted-media; gyroscope; picture-in-picture\"\n          allowfullscreen\n        ><\/iframe>\n      <\/div>\n    <\/li>\n    <li>\n      <a\n        href=\"https:\/\/app.thelogistk.com\/login.php\"\n        class=\"install-button\"\n        target=\"_blank\"\n      >\n        \ud83d\udcf2 Descargar la aplicaci\u00f3n\n      <\/a>\n    <\/li>\n  <\/ol>\n<\/div>\n<\/div><\/div>\n\n\n<style>.kb-row-layout-id1453_9cf659-2c > .kt-row-column-wrap{align-content:start;}:where(.kb-row-layout-id1453_9cf659-2c > .kt-row-column-wrap) > .wp-block-kadence-column{justify-content:start;}.kb-row-layout-id1453_9cf659-2c > .kt-row-column-wrap{column-gap:var(--global-kb-gap-md, 2rem);row-gap:var(--global-kb-gap-md, 2rem);max-width:600px;margin-left:auto;margin-right:auto;padding-top:var(--global-kb-spacing-5xl, 10rem);padding-bottom:var(--global-kb-spacing-5xl, 10rem);grid-template-columns:minmax(0, 1fr);}.kb-row-layout-id1453_9cf659-2c{background-image:url('https:\/\/thelogistk.com\/wp-content\/uploads\/2024\/04\/conference-room-236730-1024x768.jpg');background-size:cover;background-position:50% 47%;background-attachment:fixed;background-repeat:no-repeat;}.kb-row-layout-id1453_9cf659-2c > .kt-row-layout-overlay{opacity:0.50;background-color:var(--global-palette3, #1A202C);}@media all and (max-width: 1024px), only screen and (min-device-width: 1024px) and (max-device-width: 1366px) and (-webkit-min-device-pixel-ratio: 2) and (hover: none){.kb-row-layout-id1453_9cf659-2c{background-attachment:scroll;}}@media all and (max-width: 1024px){.kb-row-layout-id1453_9cf659-2c > .kt-row-column-wrap{grid-template-columns:minmax(0, 1fr);}}@media all and (max-width: 767px){.kb-row-layout-id1453_9cf659-2c > .kt-row-column-wrap{grid-template-columns:minmax(0, 1fr);}}<\/style><div class=\"kb-row-layout-wrap kb-row-layout-id1453_9cf659-2c alignfull kt-row-has-bg wp-block-kadence-rowlayout\"><div class=\"kt-row-layout-overlay kt-row-overlay-normal\"><\/div><div class=\"kt-row-column-wrap kt-has-1-columns kt-row-layout-equal kt-tab-layout-inherit kt-mobile-layout-row kt-row-valign-top\">\n<style>.kadence-column1453_928d87-25 > .kt-inside-inner-col,.kadence-column1453_928d87-25 > .kt-inside-inner-col:before{border-top-left-radius:0px;border-top-right-radius:0px;border-bottom-right-radius:0px;border-bottom-left-radius:0px;}.kadence-column1453_928d87-25 > .kt-inside-inner-col{column-gap:var(--global-kb-gap-sm, 1rem);}.kadence-column1453_928d87-25 > .kt-inside-inner-col{flex-direction:column;}.kadence-column1453_928d87-25 > .kt-inside-inner-col > .aligncenter{width:100%;}.kadence-column1453_928d87-25 > .kt-inside-inner-col:before{opacity:0.3;}.kadence-column1453_928d87-25{position:relative;}@media all and (max-width: 1024px){.kadence-column1453_928d87-25 > .kt-inside-inner-col{flex-direction:column;justify-content:center;}}@media all and (max-width: 767px){.kadence-column1453_928d87-25 > .kt-inside-inner-col{flex-direction:column;justify-content:center;}}<\/style>\n<div class=\"wp-block-kadence-column kadence-column1453_928d87-25\"><div class=\"kt-inside-inner-col\"><style>.wp-block-kadence-advancedbtn.kb-btns1453_dedb0b-81{gap:var(--global-kb-gap-xs, 0.5rem );justify-content:center;align-items:center;}.kt-btns1453_dedb0b-81 .kt-button{font-weight:normal;font-style:normal;}.kt-btns1453_dedb0b-81 .kt-btn-wrap-0{margin-right:5px;}.wp-block-kadence-advancedbtn.kt-btns1453_dedb0b-81 .kt-btn-wrap-0 .kt-button{color:#555555;border-color:#555555;}.wp-block-kadence-advancedbtn.kt-btns1453_dedb0b-81 .kt-btn-wrap-0 .kt-button:hover, .wp-block-kadence-advancedbtn.kt-btns1453_dedb0b-81 .kt-btn-wrap-0 .kt-button:focus{color:#ffffff;border-color:#444444;}.wp-block-kadence-advancedbtn.kt-btns1453_dedb0b-81 .kt-btn-wrap-0 .kt-button::before{display:none;}.wp-block-kadence-advancedbtn.kt-btns1453_dedb0b-81 .kt-btn-wrap-0 .kt-button:hover, .wp-block-kadence-advancedbtn.kt-btns1453_dedb0b-81 .kt-btn-wrap-0 .kt-button:focus{background:#444444;}<\/style>\n<div class=\"wp-block-kadence-advancedbtn kb-buttons-wrap kb-btns1453_dedb0b-81\"><style>ul.menu .wp-block-kadence-advancedbtn .kb-btn1453_c3c30e-05.kb-button{width:initial;}.wp-block-kadence-advancedbtn .kb-btn1453_c3c30e-05.kb-button{background:var(--global-palette9, #ffffff);border-top-left-radius:50px;border-top-right-radius:50px;border-bottom-right-radius:50px;border-bottom-left-radius:50px;padding-top:var(--global-kb-spacing-sm, 1.5rem);padding-right:var(--global-kb-spacing-sm, 1.5rem);padding-bottom:var(--global-kb-spacing-sm, 1.5rem);padding-left:var(--global-kb-spacing-sm, 1.5rem);}.kb-btn1453_c3c30e-05.kb-button .kb-svg-icon-wrap{color:var(--global-palette1, #3182CE);font-size:40px;--kb-button-icon-size:40px;}.kb-btn1453_c3c30e-05.kb-button:hover .kb-svg-icon-wrap, .kb-btn1453_c3c30e-05.kb-button:focus .kb-svg-icon-wrap{color:var(--global-palette9, #ffffff);}.wp-block-kadence-advancedbtn .kb-btn1453_c3c30e-05.kb-button:hover, .wp-block-kadence-advancedbtn .kb-btn1453_c3c30e-05.kb-button:focus{background:var(--global-palette2, #2B6CB0);}.kb-btn1453_c3c30e-05.kb-button .kt-btn-inner-text{display:none;}<\/style><a class=\"kb-button kt-button button kb-btn1453_c3c30e-05 kt-btn-size-standard kt-btn-width-type-auto kb-btn-global-fill  kt-btn-has-text-false kt-btn-has-svg-true  wp-block-kadence-singlebtn\" href=\"https:\/\/docs.google.com\/presentation\/d\/e\/2PACX-1vSxwWYADc9Vk44wGCuxfzetgSGWYdexkx5fg1S6qntOsj5tCqci1MQQdLyPdyvLJLlvJZvakssCfSIt\/pub?start=false&#038;loop=false&#038;delayms=3000\" target=\"_blank\" rel=\"noreferrer noopener\"><span class=\"kb-svg-icon-wrap kb-svg-icon-fas_play kt-btn-icon-side-right\"><svg viewBox=\"0 0 448 512\"  fill=\"currentColor\" xmlns=\"http:\/\/www.w3.org\/2000\/svg\"  aria-hidden=\"true\"><path d=\"M424.4 214.7L72.4 6.6C43.8-10.3 0 6.1 0 47.9V464c0 37.5 40.7 60.1 72.4 41.3l352-208c31.4-18.5 31.5-64.1 0-82.6z\"\/><\/svg><\/span><\/a><\/div>\n\n\n<style>.wp-block-kadence-advancedheading.kt-adv-heading1453_b31760-0d, .wp-block-kadence-advancedheading.kt-adv-heading1453_b31760-0d[data-kb-block=\"kb-adv-heading1453_b31760-0d\"]{margin-top:var(--global-kb-spacing-md, 2rem);margin-bottom:var(--global-kb-spacing-md, 2rem);text-align:center;font-size:var(--global-kb-font-size-lg, 2rem);line-height:1.2;font-style:normal;}.wp-block-kadence-advancedheading.kt-adv-heading1453_b31760-0d mark.kt-highlight, .wp-block-kadence-advancedheading.kt-adv-heading1453_b31760-0d[data-kb-block=\"kb-adv-heading1453_b31760-0d\"] mark.kt-highlight{font-style:normal;color:#f76a0c;-webkit-box-decoration-break:clone;box-decoration-break:clone;padding-top:0px;padding-right:0px;padding-bottom:0px;padding-left:0px;}.wp-block-kadence-advancedheading.kt-adv-heading1453_b31760-0d img.kb-inline-image, .wp-block-kadence-advancedheading.kt-adv-heading1453_b31760-0d[data-kb-block=\"kb-adv-heading1453_b31760-0d\"] img.kb-inline-image{width:150px;vertical-align:baseline;}<\/style>\n<h2 class=\"kt-adv-heading1453_b31760-0d wp-block-kadence-advancedheading has-theme-palette-9-color has-text-color\" data-kb-block=\"kb-adv-heading1453_b31760-0d\">Reproduce nuestra presentaci\u00f3n interactiva<\/h2>\n\n\n<style>.wp-block-kadence-advancedbtn.kb-btns1453_31d8f7-9b{gap:var(--global-kb-gap-xs, 0.5rem );justify-content:center;align-items:center;}.kt-btns1453_31d8f7-9b .kt-button{font-weight:normal;font-style:normal;}.kt-btns1453_31d8f7-9b .kt-btn-wrap-0{margin-right:5px;}.wp-block-kadence-advancedbtn.kt-btns1453_31d8f7-9b .kt-btn-wrap-0 .kt-button{color:#555555;border-color:#555555;}.wp-block-kadence-advancedbtn.kt-btns1453_31d8f7-9b .kt-btn-wrap-0 .kt-button:hover, .wp-block-kadence-advancedbtn.kt-btns1453_31d8f7-9b .kt-btn-wrap-0 .kt-button:focus{color:#ffffff;border-color:#444444;}.wp-block-kadence-advancedbtn.kt-btns1453_31d8f7-9b .kt-btn-wrap-0 .kt-button::before{display:none;}.wp-block-kadence-advancedbtn.kt-btns1453_31d8f7-9b .kt-btn-wrap-0 .kt-button:hover, .wp-block-kadence-advancedbtn.kt-btns1453_31d8f7-9b .kt-btn-wrap-0 .kt-button:focus{background:#444444;}<\/style>\n<div class=\"wp-block-kadence-advancedbtn kb-buttons-wrap kb-btns1453_31d8f7-9b\"><style>ul.menu .wp-block-kadence-advancedbtn .kb-btn1453_a50fca-c4.kb-button{width:initial;}<\/style><a class=\"kb-button kt-button button kb-btn1453_a50fca-c4 kt-btn-size-standard kt-btn-width-type-auto kb-btn-global-inherit  kt-btn-has-text-true kt-btn-has-svg-false  wp-block-button__link wp-block-kadence-singlebtn\" href=\"https:\/\/drive.google.com\/file\/d\/1IRSpWpH_lRayUjY5GrXiZiLjxNWe4FGF\/view?usp=drive_link\" target=\"_blank\" rel=\"noreferrer noopener\"><span class=\"kt-btn-inner-text\">Descarga tu versi\u00f3n local\u00a0<\/span><\/a><\/div>\n<\/div><\/div>\n\n<\/div><\/div>\n\n\n<p><\/p>\n","protected":false},"excerpt":{"rendered":"<p>Pago seguro en l\u00ednea Pagar en l\u00ednea es f\u00e1cil, r\u00e1pido y seguro. Simplemente, sigue el enlace adjunto o accede a nuestro tutorial de pago en l\u00ednea. Si tienes alguna pregunta o necesitas ayuda con el proceso, no dudes en ponerte en contacto con nuestro equipo de atenci\u00f3n al cliente. Estamos aqu\u00ed para ayudarte en todo&#8230;<\/p>\n","protected":false},"author":1,"featured_media":0,"parent":0,"menu_order":0,"comment_status":"closed","ping_status":"closed","template":"","meta":{"_kadence_starter_templates_imported_post":false,"_kad_post_transparent":"default","_kad_post_title":"hide","_kad_post_layout":"normal","_kad_post_sidebar_id":"","_kad_post_content_style":"unboxed","_kad_post_vertical_padding":"default","_kad_post_feature":"show","_kad_post_feature_position":"","_kad_post_header":false,"_kad_post_footer":false,"_kad_post_classname":"","footnotes":""},"class_list":["post-1453","page","type-page","status-publish","hentry"],"_links":{"self":[{"href":"https:\/\/thelogistk.com\/index.php?rest_route=\/wp\/v2\/pages\/1453","targetHints":{"allow":["GET"]}}],"collection":[{"href":"https:\/\/thelogistk.com\/index.php?rest_route=\/wp\/v2\/pages"}],"about":[{"href":"https:\/\/thelogistk.com\/index.php?rest_route=\/wp\/v2\/types\/page"}],"author":[{"embeddable":true,"href":"https:\/\/thelogistk.com\/index.php?rest_route=\/wp\/v2\/users\/1"}],"replies":[{"embeddable":true,"href":"https:\/\/thelogistk.com\/index.php?rest_route=%2Fwp%2Fv2%2Fcomments&post=1453"}],"version-history":[{"count":38,"href":"https:\/\/thelogistk.com\/index.php?rest_route=\/wp\/v2\/pages\/1453\/revisions"}],"predecessor-version":[{"id":1607,"href":"https:\/\/thelogistk.com\/index.php?rest_route=\/wp\/v2\/pages\/1453\/revisions\/1607"}],"wp:attachment":[{"href":"https:\/\/thelogistk.com\/index.php?rest_route=%2Fwp%2Fv2%2Fmedia&parent=1453"}],"curies":[{"name":"wp","href":"https:\/\/api.w.org\/{rel}","templated":true}]}}