{"id":1528,"date":"2024-10-17T22:26:59","date_gmt":"2024-10-17T20:26:59","guid":{"rendered":"https:\/\/thelogistk.com\/?page_id=1528"},"modified":"2025-09-01T19:11:00","modified_gmt":"2025-09-01T17:11:00","slug":"suite-documental","status":"publish","type":"page","link":"https:\/\/thelogistk.com\/?page_id=1528","title":{"rendered":"SUITE EMPRESARIAL"},"content":{"rendered":"<style>.kb-row-layout-id1528_71b80d-b0 > .kt-row-column-wrap{align-content:start;}:where(.kb-row-layout-id1528_71b80d-b0 > .kt-row-column-wrap) > .wp-block-kadence-column{justify-content:start;}.kb-row-layout-id1528_71b80d-b0 > .kt-row-column-wrap{column-gap:var(--global-kb-gap-md, 2rem);row-gap:var(--global-kb-gap-md, 2rem);max-width:var( --global-content-width, 1290px );padding-left:var(--global-content-edge-padding);padding-right:var(--global-content-edge-padding);padding-bottom:var(--global-kb-spacing-xxs, 0.5rem);grid-template-columns:minmax(0, 1fr);}.kb-row-layout-id1528_71b80d-b0 > .kt-row-layout-overlay{opacity:0.30;}@media all and (max-width: 1024px){.kb-row-layout-id1528_71b80d-b0 > .kt-row-column-wrap{grid-template-columns:minmax(0, 1fr);}}@media all and (max-width: 767px){.kb-row-layout-id1528_71b80d-b0 > .kt-row-column-wrap{grid-template-columns:minmax(0, 1fr);}}<\/style><div class=\"kb-row-layout-wrap kb-row-layout-id1528_71b80d-b0 alignfull wp-block-kadence-rowlayout\"><div class=\"kt-row-column-wrap kt-has-1-columns kt-row-layout-equal kt-tab-layout-inherit kt-mobile-layout-row kt-row-valign-top kb-theme-content-width\">\n<style>.kadence-column1528_895a5a-62 > .kt-inside-inner-col,.kadence-column1528_895a5a-62 > .kt-inside-inner-col:before{border-top-left-radius:0px;border-top-right-radius:0px;border-bottom-right-radius:0px;border-bottom-left-radius:0px;}.kadence-column1528_895a5a-62 > .kt-inside-inner-col{column-gap:var(--global-kb-gap-sm, 1rem);}.kadence-column1528_895a5a-62 > .kt-inside-inner-col{flex-direction:column;}.kadence-column1528_895a5a-62 > .kt-inside-inner-col > .aligncenter{width:100%;}.kadence-column1528_895a5a-62 > .kt-inside-inner-col:before{opacity:0.3;}.kadence-column1528_895a5a-62{position:relative;}@media all and (max-width: 1024px){.kadence-column1528_895a5a-62 > .kt-inside-inner-col{flex-direction:column;justify-content:center;}}@media all and (max-width: 767px){.kadence-column1528_895a5a-62 > .kt-inside-inner-col{flex-direction:column;justify-content:center;}}<\/style>\n<div class=\"wp-block-kadence-column kadence-column1528_895a5a-62\"><div class=\"kt-inside-inner-col\"><style>.kb-row-layout-id1528_756822-89 > .kt-row-column-wrap{align-content:start;}:where(.kb-row-layout-id1528_756822-89 > .kt-row-column-wrap) > .wp-block-kadence-column{justify-content:start;}.kb-row-layout-id1528_756822-89 > .kt-row-column-wrap{column-gap:var(--global-kb-gap-md, 2rem);row-gap:var(--global-kb-gap-md, 2rem);max-width:650px;margin-left:auto;margin-right:auto;padding-top:var(--global-kb-spacing-sm, 1.5rem);padding-bottom:var(--global-kb-spacing-sm, 1.5rem);grid-template-columns:minmax(0, 1fr);}.kb-row-layout-id1528_756822-89 > .kt-row-layout-overlay{opacity:0.30;}@media all and (max-width: 1024px){.kb-row-layout-id1528_756822-89 > .kt-row-column-wrap{grid-template-columns:minmax(0, 1fr);}}@media all and (max-width: 767px){.kb-row-layout-id1528_756822-89 > .kt-row-column-wrap{grid-template-columns:minmax(0, 1fr);}}<\/style><div class=\"kb-row-layout-wrap kb-row-layout-id1528_756822-89 alignnone wp-block-kadence-rowlayout\"><div class=\"kt-row-column-wrap kt-has-1-columns kt-row-layout-equal kt-tab-layout-inherit kt-mobile-layout-row kt-row-valign-top\">\n<style>.kadence-column1528_332fb5-23 > .kt-inside-inner-col,.kadence-column1528_332fb5-23 > .kt-inside-inner-col:before{border-top-left-radius:0px;border-top-right-radius:0px;border-bottom-right-radius:0px;border-bottom-left-radius:0px;}.kadence-column1528_332fb5-23 > .kt-inside-inner-col{column-gap:var(--global-kb-gap-sm, 1rem);}.kadence-column1528_332fb5-23 > .kt-inside-inner-col{flex-direction:column;}.kadence-column1528_332fb5-23 > .kt-inside-inner-col > .aligncenter{width:100%;}.kadence-column1528_332fb5-23 > .kt-inside-inner-col:before{opacity:0.3;}.kadence-column1528_332fb5-23{position:relative;}@media all and (max-width: 1024px){.kadence-column1528_332fb5-23 > .kt-inside-inner-col{flex-direction:column;justify-content:center;}}@media all and (max-width: 767px){.kadence-column1528_332fb5-23 > .kt-inside-inner-col{flex-direction:column;justify-content:center;}}<\/style>\n<div class=\"wp-block-kadence-column kadence-column1528_332fb5-23\"><div class=\"kt-inside-inner-col\"><style>.wp-block-kadence-advancedheading.kt-adv-heading1528_19ce2b-77, .wp-block-kadence-advancedheading.kt-adv-heading1528_19ce2b-77[data-kb-block=\"kb-adv-heading1528_19ce2b-77\"]{margin-top:var(--global-kb-spacing-md, 2rem);margin-bottom:var(--global-kb-spacing-md, 2rem);text-align:center;font-size:36px;line-height:1.4;font-style:normal;}.wp-block-kadence-advancedheading.kt-adv-heading1528_19ce2b-77 mark.kt-highlight, .wp-block-kadence-advancedheading.kt-adv-heading1528_19ce2b-77[data-kb-block=\"kb-adv-heading1528_19ce2b-77\"] mark.kt-highlight{font-style:normal;color:#f76a0c;-webkit-box-decoration-break:clone;box-decoration-break:clone;padding-top:0px;padding-right:0px;padding-bottom:0px;padding-left:0px;}.wp-block-kadence-advancedheading.kt-adv-heading1528_19ce2b-77 img.kb-inline-image, .wp-block-kadence-advancedheading.kt-adv-heading1528_19ce2b-77[data-kb-block=\"kb-adv-heading1528_19ce2b-77\"] img.kb-inline-image{width:150px;vertical-align:baseline;}<\/style>\n<h2 class=\"kt-adv-heading1528_19ce2b-77 wp-block-kadence-advancedheading has-theme-palette-3-color has-text-color\" data-kb-block=\"kb-adv-heading1528_19ce2b-77\"><strong>BibloRed: Tus Opciones de Acceso<\/strong>.<\/h2>\n<\/div><\/div>\n\n\n<style>.kadence-column1528_5a5141-3a > .kt-inside-inner-col,.kadence-column1528_5a5141-3a > .kt-inside-inner-col:before{border-top-left-radius:0px;border-top-right-radius:0px;border-bottom-right-radius:0px;border-bottom-left-radius:0px;}.kadence-column1528_5a5141-3a > .kt-inside-inner-col{column-gap:var(--global-kb-gap-sm, 1rem);}.kadence-column1528_5a5141-3a > .kt-inside-inner-col{flex-direction:column;}.kadence-column1528_5a5141-3a > .kt-inside-inner-col > .aligncenter{width:100%;}.kadence-column1528_5a5141-3a > .kt-inside-inner-col:before{opacity:0.3;}.kadence-column1528_5a5141-3a{position:relative;}@media all and (max-width: 1024px){.kadence-column1528_5a5141-3a > .kt-inside-inner-col{flex-direction:column;justify-content:center;}}@media all and (max-width: 767px){.kadence-column1528_5a5141-3a > .kt-inside-inner-col{flex-direction:column;justify-content:center;}}<\/style>\n<div class=\"wp-block-kadence-column kadence-column1528_5a5141-3a\"><div class=\"kt-inside-inner-col\">\n<!DOCTYPE html>\n<html lang=\"es\">\n<head>\n    <meta charset=\"UTF-8\">\n    <meta name=\"viewport\" content=\"width=device-width, initial-scale=1.0\">\n    \n    <style>\n        \n\n        .biblored-btn {\n            display: inline-flex;\n            align-items: center;\n            justify-content: center;\n            padding: 18px 36px;\n            font-size: 18px;\n            font-weight: 600;\n            color: #28bcd6;\n            background: transparent;\n            border: 3px solid;\n            border-image: linear-gradient(135deg, #28bcd6, #6a0dad, #28bcd6) 1;\n            border-radius: 50px;\n            text-decoration: none;\n            box-shadow: 0 0 20px rgba(40, 188, 214, 0.2);\n            transition: all 0.4s cubic-bezier(0.175, 0.885, 0.32, 1.275);\n            position: relative;\n            overflow: hidden;\n            min-width: 250px;\n            text-align: center;\n            backdrop-filter: blur(10px);\n        }\n\n        .biblored-btn::before {\n            content: '';\n            position: absolute;\n            top: 0;\n            left: -100%;\n            width: 100%;\n            height: 100%;\n            background: linear-gradient(90deg, transparent, rgba(40, 188, 214, 0.1), transparent);\n            transition: left 0.5s;\n        }\n\n        .biblored-btn:hover::before {\n            left: 100%;\n        }\n\n        .biblored-btn:hover {\n            color: #fff;\n            background: linear-gradient(135deg, #28bcd6, #6a0dad, #28bcd6);\n            border-image: none;\n            border: 3px solid transparent;\n            transform: translateY(-5px) scale(1.05);\n            box-shadow: 0 15px 35px rgba(40, 188, 214, 0.4);\n            animation: pulse-cyan 0.6s ease-in-out;\n        }\n\n        .biblored-btn:active {\n            transform: translateY(-2px) scale(1.02);\n            box-shadow: 0 8px 20px rgba(40, 188, 214, 0.3);\n        }\n\n        .biblored-btn-web {\n            display: inline-flex;\n            align-items: center;\n            justify-content: center;\n            padding: 18px 36px;\n            font-size: 18px;\n            font-weight: 600;\n            color: #6a0dad;\n            background: transparent;\n            border: 3px solid;\n            border-image: linear-gradient(135deg, #6a0dad, #4a90e2, #6a0dad) 1;\n            border-radius: 50px;\n            text-decoration: none;\n            box-shadow: 0 0 20px rgba(106, 13, 173, 0.2);\n            transition: all 0.4s cubic-bezier(0.175, 0.885, 0.32, 1.275);\n            position: relative;\n            overflow: hidden;\n            min-width: 250px;\n            text-align: center;\n            backdrop-filter: blur(10px);\n        }\n\n        .biblored-btn-web::before {\n            content: '';\n            position: absolute;\n            top: 0;\n            left: -100%;\n            width: 100%;\n            height: 100%;\n            background: linear-gradient(90deg, transparent, rgba(106, 13, 173, 0.1), transparent);\n            transition: left 0.5s;\n        }\n\n        .biblored-btn-web:hover::before {\n            left: 100%;\n        }\n\n        .biblored-btn-web:hover {\n            color: #fff;\n            background: linear-gradient(135deg, #6a0dad, #4a90e2, #6a0dad);\n            border-image: none;\n            border: 3px solid transparent;\n            transform: translateY(-5px) scale(1.05);\n            box-shadow: 0 15px 35px rgba(106, 13, 173, 0.4);\n            animation: pulse-purple 0.6s ease-in-out;\n        }\n\n        .biblored-btn-web:active {\n            transform: translateY(-2px) scale(1.02);\n            box-shadow: 0 8px 20px rgba(106, 13, 173, 0.3);\n        }\n\n        .btn-icon {\n            font-size: 24px;\n            margin-right: 12px;\n            filter: drop-shadow(0 2px 4px rgba(0,0,0,0.3));\n        }\n\n        @keyframes pulse-cyan {\n            0% { box-shadow: 0 15px 35px rgba(40, 188, 214, 0.4); }\n            50% { box-shadow: 0 15px 35px rgba(40, 188, 214, 0.6); }\n            100% { box-shadow: 0 15px 35px rgba(40, 188, 214, 0.4); }\n        }\n\n        @keyframes pulse-purple {\n            0% { box-shadow: 0 15px 35px rgba(106, 13, 173, 0.4); }\n            50% { box-shadow: 0 15px 35px rgba(106, 13, 173, 0.6); }\n            100% { box-shadow: 0 15px 35px rgba(106, 13, 173, 0.4); }\n        }\n\n        .container {\n            display: flex;\n            flex-direction: column;\n            gap: 25px;\n            align-items: center;\n        }\n\n        h1 {\n            color: #333;\n            text-align: center;\n            margin-bottom: 30px;\n            font-size: 28px;\n            font-weight: 300;\n        }\n\n        @media (max-width: 768px) {\n            .biblored-btn, .biblored-btn-web {\n                min-width: 200px;\n                padding: 16px 28px;\n                font-size: 16px;\n            }\n            \n            .btn-icon {\n                font-size: 20px;\n                margin-right: 10px;\n            }\n        }\n    <\/style>\n<\/head>\n<body>\n    \n    \n    <div class=\"container\">\n        <!-- Bot\u00f3n de descarga APK sin fondo -->\n        <a href=\"https:\/\/biblored.thelogistk.com\/apk\/app-BibloredTlgk.apk\" \n           class=\"biblored-btn\" download>\n           <span class=\"btn-icon\">\ud83d\udcf1<\/span>\n           Descargar App\n        <\/a>\n\n        <!-- Nuevo bot\u00f3n de acciones web sin fondo -->\n        <a href=\"https:\/\/biblored.thelogistk.com\/\" \n           class=\"biblored-btn-web\" target=\"_blank\">\n           <span class=\"btn-icon\">\ud83c\udf10<\/span>\n           Acciones Web\n        <\/a>\n    <\/div>\n<\/body>\n<\/html>\n<\/div><\/div>\n\n<\/div><\/div><\/div><\/div>\n\n<\/div><\/div>\n\n\n<div class=\"wp-block-group\"><div class=\"wp-block-group__inner-container is-layout-constrained wp-block-group-is-layout-constrained\"><style>.wp-block-kadence-advancedheading.kt-adv-heading1528_011d1e-ee, .wp-block-kadence-advancedheading.kt-adv-heading1528_011d1e-ee[data-kb-block=\"kb-adv-heading1528_011d1e-ee\"]{display:block;text-align:center;font-size:var(--global-kb-font-size-md, 1.25rem);line-height:1;font-style:normal;text-transform:uppercase;letter-spacing:2px;}.wp-block-kadence-advancedheading.kt-adv-heading1528_011d1e-ee mark.kt-highlight, .wp-block-kadence-advancedheading.kt-adv-heading1528_011d1e-ee[data-kb-block=\"kb-adv-heading1528_011d1e-ee\"] mark.kt-highlight{font-style:normal;color:#f76a0c;-webkit-box-decoration-break:clone;box-decoration-break:clone;padding-top:0px;padding-right:0px;padding-bottom:0px;padding-left:0px;}.wp-block-kadence-advancedheading.kt-adv-heading1528_011d1e-ee img.kb-inline-image, .wp-block-kadence-advancedheading.kt-adv-heading1528_011d1e-ee[data-kb-block=\"kb-adv-heading1528_011d1e-ee\"] img.kb-inline-image{width:150px;vertical-align:baseline;}<\/style>\n<span class=\"kt-adv-heading1528_011d1e-ee wp-block-kadence-advancedheading has-theme-palette-1-color has-text-color\" data-kb-block=\"kb-adv-heading1528_011d1e-ee\"><strong>\u00a1Importante! Instalaci\u00f3n de la App BiblioRed:<\/strong><\/span>\n\n\n\n<p class=\"has-text-align-center has-theme-palette-1-color has-text-color has-link-color has-small-font-size wp-elements-8b827524bc3ed6c039d4bfaae00821e8\"><br>Actualmente, la aplicaci\u00f3n <strong>BibloRed<\/strong> no se encuentra disponible en Google Play Store. Esto significa que, para instalarla, necesitar\u00e1s habilitar la opci\u00f3n de <strong>\u00abInstalar aplicaciones de fuentes desconocidas\u00bb<\/strong> o <strong>\u00abFuentes desconocidas\u00bb<\/strong> en la configuraci\u00f3n de tu dispositivo Android.<\/p>\n\n\n\n<p class=\"has-text-align-center has-theme-palette-1-color has-text-color has-link-color has-small-font-size wp-elements-415014518ba0d9d44cc3bb5a347970a9\"><br><strong>\u00bfPor qu\u00e9 es necesario?<\/strong> Google Play es la tienda oficial de aplicaciones para Android, y por seguridad, los dispositivos suelen bloquear la instalaci\u00f3n de apps que no provienen de all\u00ed. Al ser una aplicaci\u00f3n distribuida directamente, es necesario otorgar este permiso de forma manual.<\/p>\n<\/div><\/div>\n\n\n\n<div class=\"wp-block-group has-theme-palette-3-color has-theme-palette-8-background-color has-text-color has-background has-link-color has-small-font-size wp-elements-621098fcd0862ee1afd4d5caa87aeb04\"><div class=\"wp-block-group__inner-container is-layout-constrained wp-block-group-is-layout-constrained\">\n<p class=\"has-theme-palette-1-color has-text-color has-link-color has-medium-font-size wp-elements-100a5706310ec4cf0f7eb4c595753e33\" style=\"margin-top:-9px;margin-right:0px;margin-bottom:-9px;margin-left:0px\"><strong>Gu\u00eda r\u00e1pida para la instalaci\u00f3n:<\/strong><\/p>\n\n\n\n<p class=\"has-theme-palette-1-color has-text-color has-link-color has-small-font-size wp-elements-60846db952fdb3304ea31c49bcd610fb\" style=\"margin-top:6px;margin-bottom:6px\"><br><strong><a href=\"https:\/\/biblored.thelogistk.com\/apk\/app-BibloredTlgk.apk\" data-type=\"link\" data-id=\"https:\/\/biblored.thelogistk.com\/apk\/app-BibloredTlgk.apk\">Descarga la APK:<\/a><\/strong>&nbsp;Haz clic en el bot\u00f3n \u00abDescargar App\u00bb para obtener el archivo de instalaci\u00f3n (<code>.apk<\/code>).<\/p>\n\n\n\n<p class=\"has-text-align-left has-theme-palette-1-color has-text-color has-link-color wp-elements-1dfefaac0a0f96ec1cbe5c9b7b06226a\" style=\"margin-top:-15px;margin-bottom:-15px\"><br><strong>Abre el archivo:<\/strong>&nbsp;Una vez descargado, abre el archivo&nbsp;<code>.apk<\/code>&nbsp;desde tus notificaciones o desde la carpeta de descargas de tu dispositivo.<\/p>\n\n\n\n<p class=\"has-text-align-left has-theme-palette-1-color has-text-color has-link-color wp-elements-01b73b08ca2f5fdd7d2409a8ca7fbcb2\" style=\"margin-top:32px;margin-bottom:32px\"><br><strong>Habilita fuentes desconocidas:<\/strong>&nbsp;Si tu dispositivo te lo pide, ver\u00e1s un mensaje de advertencia. Haz clic en \u00abConfiguraci\u00f3n\u00bb o \u00abAjustes\u00bb y busca la opci\u00f3n&nbsp;<strong>\u00abInstalar aplicaciones de fuentes desconocidas\u00bb<\/strong>&nbsp;o&nbsp;<strong>\u00abFuentes desconocidas\u00bb<\/strong>. Act\u00edvala para tu navegador (Chrome, Firefox, etc.) o para la aplicaci\u00f3n desde la que est\u00e1s intentando instalar (por ejemplo, \u00abMis Archivos\u00bb o \u00abExplorador de Archivos\u00bb).<\/p>\n\n\n\n<p class=\"has-text-align-left has-theme-palette-1-color has-text-color has-link-color wp-elements-c04bf9e46fdd0d88ee02329f3bde2bb0\" style=\"margin-top:-8px;margin-bottom:-8px\"><strong>Nota:<\/strong>&nbsp;En algunas versiones de Android, esta opci\u00f3n puede estar en&nbsp;<code>Ajustes &gt; Seguridad y privacidad &gt; Instalar aplicaciones desconocidas<\/code>&nbsp;o&nbsp;<code>Ajustes &gt; Aplicaciones y notificaciones &gt; Acceso especial de aplicaciones &gt; Instalar aplicaciones desconocidas<\/code>.<\/p>\n\n\n\n<p class=\"has-text-align-left has-theme-palette-1-color has-text-color has-link-color wp-elements-6b604d324f723aefaf2d7301f97440ec\"><br><strong>Confirma la instalaci\u00f3n:<\/strong>&nbsp;Regresa e intenta instalar el archivo&nbsp;<code>.apk<\/code>&nbsp;nuevamente. Deber\u00edas ver una opci\u00f3n para \u00abInstalar\u00bb.<br><strong>\u00a1Listo!<\/strong>&nbsp;Una vez instalada, podr\u00e1s disfrutar de la aplicaci\u00f3n BiblioRed.<\/p>\n<\/div><\/div>\n","protected":false},"excerpt":{"rendered":"<p>BibloRed: Tus Opciones de Acceso. \ud83d\udcf1 Descargar App \ud83c\udf10 Acciones Web \u00a1Importante! Instalaci\u00f3n de la App BiblioRed: Actualmente, la aplicaci\u00f3n BibloRed no se encuentra disponible en Google Play Store. Esto significa que, para instalarla, necesitar\u00e1s habilitar la opci\u00f3n de \u00abInstalar aplicaciones de fuentes desconocidas\u00bb o \u00abFuentes desconocidas\u00bb en la configuraci\u00f3n de tu dispositivo Android. \u00bfPor&#8230;<\/p>\n","protected":false},"author":1,"featured_media":0,"parent":0,"menu_order":0,"comment_status":"closed","ping_status":"closed","template":"","meta":{"_kadence_starter_templates_imported_post":false,"_kad_post_transparent":"default","_kad_post_title":"hide","_kad_post_layout":"default","_kad_post_sidebar_id":"","_kad_post_content_style":"default","_kad_post_vertical_padding":"default","_kad_post_feature":"default","_kad_post_feature_position":"","_kad_post_header":false,"_kad_post_footer":false,"_kad_post_classname":"","footnotes":""},"class_list":["post-1528","page","type-page","status-publish","hentry"],"_links":{"self":[{"href":"https:\/\/thelogistk.com\/index.php?rest_route=\/wp\/v2\/pages\/1528","targetHints":{"allow":["GET"]}}],"collection":[{"href":"https:\/\/thelogistk.com\/index.php?rest_route=\/wp\/v2\/pages"}],"about":[{"href":"https:\/\/thelogistk.com\/index.php?rest_route=\/wp\/v2\/types\/page"}],"author":[{"embeddable":true,"href":"https:\/\/thelogistk.com\/index.php?rest_route=\/wp\/v2\/users\/1"}],"replies":[{"embeddable":true,"href":"https:\/\/thelogistk.com\/index.php?rest_route=%2Fwp%2Fv2%2Fcomments&post=1528"}],"version-history":[{"count":21,"href":"https:\/\/thelogistk.com\/index.php?rest_route=\/wp\/v2\/pages\/1528\/revisions"}],"predecessor-version":[{"id":1642,"href":"https:\/\/thelogistk.com\/index.php?rest_route=\/wp\/v2\/pages\/1528\/revisions\/1642"}],"wp:attachment":[{"href":"https:\/\/thelogistk.com\/index.php?rest_route=%2Fwp%2Fv2%2Fmedia&parent=1528"}],"curies":[{"name":"wp","href":"https:\/\/api.w.org\/{rel}","templated":true}]}}